{"id":3589,"date":"2026-03-15T01:18:50","date_gmt":"2026-03-15T01:18:50","guid":{"rendered":"https:\/\/aatmarket.com\/aat\/?post_type=product&#038;p=3589"},"modified":"2026-03-15T01:18:51","modified_gmt":"2026-03-15T01:18:51","slug":"bakkaliye-torbasi-30x52cm-5kglik-paket","status":"publish","type":"product","link":"https:\/\/aatmarket.com\/aat\/urun\/bakkaliye-torbasi-30x52cm-5kglik-paket\/","title":{"rendered":"Bakkaliye Torbas\u0131 30x52cm 5kg&#8217;l\u0131k Paket"},"content":{"rendered":"<div id=\"product-fullbody\" class=\"mb-1\">\n<div>Bakkaliye Torbas\u0131 30x52cm 5kg&#8217;l\u0131k Paket Kuru ve Toz\u00a0\u00a0haldeki g\u0131da ambalajlar\u0131 i\u00e7in \u00fcretilmi\u015ftir.Y\u00fcksek \u015feffafl\u0131\u011f\u0131 sayesinde i\u00e7erisinde bulunan \u00fcr\u00fcn\u00fc g\u00f6rsel olarak en iyi \u015fekilde sunmaktad\u0131r.Y\u00fcksek esneklik ve sa\u011flaml\u0131\u011fa sahip oldu\u011fundan paketleme an\u0131nda kullan\u0131c\u0131lara kolayl\u0131k sunmaktad\u0131r.Evde, mutfakta, markette ve bir \u00e7ok alanda rahat\u00e7a kullan\u0131labilir. Kuru ve Toz haldeki g\u0131da ambalajlar\u0131 i\u00e7in \u00fcretilmi\u015ftir.Y\u00fcksek \u015feffafl\u0131\u011f\u0131 sayesinde i\u00e7erisinde bulunan \u00fcr\u00fcn\u00fc g\u00f6rsel olarak en iyi \u015fekilde sunmaktad\u0131r.Y\u00fcksek esneklik ve sa\u011flaml\u0131\u011fa sahip oldu\u011fundan paketleme an\u0131nda kullan\u0131c\u0131lara kolayl\u0131k sunmaktad\u0131r.\u015eeffaf, esnek, s\u0131zd\u0131rmaz ve sa\u011flam yap\u0131s\u0131yla kat\u0131, s\u0131v\u0131 ve toz g\u0131dalar\u0131n\u0131z\u0131 kolayca paketleyip d\u0131\u015f etkenlerden koruyarak saklayabilmenizi sa\u011flar.<\/div>\n<\/div>\n<div class=\"col-12 col-md-4 mb-1 border border-bottom-0\">\n<div class=\"row border-bottom fw-semibold\">\n<div class=\"col-6 py-1 border-right\">Boyutlar (cm)<\/div>\n<div class=\"col-6 py-1\">21 x 32 x 2<\/div>\n<\/div>\n<div class=\"row border-bottom fw-semibold\">\n<div class=\"col-6 py-1 border-right\">A\u011f\u0131rl\u0131k (Kg)<\/div>\n<div class=\"col-6 py-1\">0.45<\/div>\n<\/div>\n<\/div>\n","protected":false},"excerpt":{"rendered":"<p>Bakkaliye Torbas\u0131 30x52cm 5kg&#8217;l\u0131k Paket Kuru ve Toz\u00a0\u00a0haldeki g\u0131da ambalajlar\u0131 i\u00e7in \u00fcretilmi\u015ftir.Y\u00fcksek \u015feffafl\u0131\u011f\u0131 sayesinde i\u00e7erisinde bulunan \u00fcr\u00fcn\u00fc g\u00f6rsel olarak en iyi \u015fekilde sunmaktad\u0131r.Y\u00fcksek esneklik ve sa\u011flaml\u0131\u011fa sahip oldu\u011fundan paketleme an\u0131nda kullan\u0131c\u0131lara kolayl\u0131k sunmaktad\u0131r.Evde, mutfakta, markette ve bir \u00e7ok alanda rahat\u00e7a kullan\u0131labilir. Kuru ve Toz haldeki g\u0131da ambalajlar\u0131 i\u00e7in \u00fcretilmi\u015ftir.Y\u00fcksek \u015feffafl\u0131\u011f\u0131 sayesinde i\u00e7erisinde bulunan \u00fcr\u00fcn\u00fc g\u00f6rsel [&hellip;]<\/p>\n","protected":false},"featured_media":3590,"comment_status":"open","ping_status":"closed","template":"","meta":{"ocean_post_layout":"","ocean_both_sidebars_style":"","ocean_both_sidebars_content_width":0,"ocean_both_sidebars_sidebars_width":0,"ocean_sidebar":"0","ocean_second_sidebar":"0","ocean_disable_margins":"enable","ocean_add_body_class":"","ocean_shortcode_before_top_bar":"","ocean_shortcode_after_top_bar":"","ocean_shortcode_before_header":"","ocean_shortcode_after_header":"","ocean_has_shortcode":"","ocean_shortcode_after_title":"","ocean_shortcode_before_footer_widgets":"","ocean_shortcode_after_footer_widgets":"","ocean_shortcode_before_footer_bottom":"","ocean_shortcode_after_footer_bottom":"","ocean_display_top_bar":"default","ocean_display_header":"default","ocean_header_style":"","ocean_center_header_left_menu":"0","ocean_custom_header_template":"0","ocean_custom_logo":0,"ocean_custom_retina_logo":0,"ocean_custom_logo_max_width":0,"ocean_custom_logo_tablet_max_width":0,"ocean_custom_logo_mobile_max_width":0,"ocean_custom_logo_max_height":0,"ocean_custom_logo_tablet_max_height":0,"ocean_custom_logo_mobile_max_height":0,"ocean_header_custom_menu":"0","ocean_menu_typo_font_family":"0","ocean_menu_typo_font_subset":"","ocean_menu_typo_font_size":0,"ocean_menu_typo_font_size_tablet":0,"ocean_menu_typo_font_size_mobile":0,"ocean_menu_typo_font_size_unit":"px","ocean_menu_typo_font_weight":"","ocean_menu_typo_font_weight_tablet":"","ocean_menu_typo_font_weight_mobile":"","ocean_menu_typo_transform":"","ocean_menu_typo_transform_tablet":"","ocean_menu_typo_transform_mobile":"","ocean_menu_typo_line_height":0,"ocean_menu_typo_line_height_tablet":0,"ocean_menu_typo_line_height_mobile":0,"ocean_menu_typo_line_height_unit":"","ocean_menu_typo_spacing":0,"ocean_menu_typo_spacing_tablet":0,"ocean_menu_typo_spacing_mobile":0,"ocean_menu_typo_spacing_unit":"","ocean_menu_link_color":"","ocean_menu_link_color_hover":"","ocean_menu_link_color_active":"","ocean_menu_link_background":"","ocean_menu_link_hover_background":"","ocean_menu_link_active_background":"","ocean_menu_social_links_bg":"","ocean_menu_social_hover_links_bg":"","ocean_menu_social_links_color":"","ocean_menu_social_hover_links_color":"","ocean_disable_title":"default","ocean_disable_heading":"default","ocean_post_title":"","ocean_post_subheading":"","ocean_post_title_style":"","ocean_post_title_background_color":"","ocean_post_title_background":0,"ocean_post_title_bg_image_position":"","ocean_post_title_bg_image_attachment":"","ocean_post_title_bg_image_repeat":"","ocean_post_title_bg_image_size":"","ocean_post_title_height":0,"ocean_post_title_bg_overlay":0.5,"ocean_post_title_bg_overlay_color":"","ocean_disable_breadcrumbs":"default","ocean_breadcrumbs_color":"","ocean_breadcrumbs_separator_color":"","ocean_breadcrumbs_links_color":"","ocean_breadcrumbs_links_hover_color":"","ocean_display_footer_widgets":"default","ocean_display_footer_bottom":"default","ocean_custom_footer_template":"0"},"product_brand":[],"product_cat":[91,83],"product_tag":[],"class_list":{"0":"post-3589","1":"product","2":"type-product","3":"status-publish","4":"has-post-thumbnail","6":"product_cat-gida-posetleri","7":"product_cat-torbalar-ve-posetler","9":"entry","10":"has-media","12":"first","13":"instock","14":"taxable","15":"shipping-taxable","16":"purchasable","17":"product-type-simple","18":"col","19":"span_1_of_3","20":"owp-content-center","21":"owp-thumbs-layout-horizontal","22":"owp-btn-normal","23":"owp-tabs-layout-horizontal","24":"has-no-thumbnails"},"_links":{"self":[{"href":"https:\/\/aatmarket.com\/aat\/wp-json\/wp\/v2\/product\/3589","targetHints":{"allow":["GET"]}}],"collection":[{"href":"https:\/\/aatmarket.com\/aat\/wp-json\/wp\/v2\/product"}],"about":[{"href":"https:\/\/aatmarket.com\/aat\/wp-json\/wp\/v2\/types\/product"}],"replies":[{"embeddable":true,"href":"https:\/\/aatmarket.com\/aat\/wp-json\/wp\/v2\/comments?post=3589"}],"wp:featuredmedia":[{"embeddable":true,"href":"https:\/\/aatmarket.com\/aat\/wp-json\/wp\/v2\/media\/3590"}],"wp:attachment":[{"href":"https:\/\/aatmarket.com\/aat\/wp-json\/wp\/v2\/media?parent=3589"}],"wp:term":[{"taxonomy":"product_brand","embeddable":true,"href":"https:\/\/aatmarket.com\/aat\/wp-json\/wp\/v2\/product_brand?post=3589"},{"taxonomy":"product_cat","embeddable":true,"href":"https:\/\/aatmarket.com\/aat\/wp-json\/wp\/v2\/product_cat?post=3589"},{"taxonomy":"product_tag","embeddable":true,"href":"https:\/\/aatmarket.com\/aat\/wp-json\/wp\/v2\/product_tag?post=3589"}],"curies":[{"name":"wp","href":"https:\/\/api.w.org\/{rel}","templated":true}]}}