{"id":3598,"date":"2026-03-15T01:28:50","date_gmt":"2026-03-15T01:28:50","guid":{"rendered":"https:\/\/aatmarket.com\/aat\/?post_type=product&#038;p=3598"},"modified":"2026-03-15T01:36:24","modified_gmt":"2026-03-15T01:36:24","slug":"kilitli-torba-8x10cm-1000-adet-pk","status":"publish","type":"product","link":"https:\/\/aatmarket.com\/aat\/urun\/kilitli-torba-8x10cm-1000-adet-pk\/","title":{"rendered":"Kilitli Torba &#8211; 8x10cm ( 1000 Adet\/Pk)"},"content":{"rendered":"<div id=\"product-fullbody\" class=\"mb-1\">\n<ul>\n<li>Yumu\u015fak yap\u0131s\u0131 ile kolay kullan\u0131m sa\u011flayan kilitli torbalar, g\u00fcn i\u00e7erisinde her an yan\u0131n\u0131zdad\u0131r.<\/li>\n<li>\u015eeffaf rengi sayesinde, i\u00e7erisine koydu\u011funuz t\u00fcm \u00fcr\u00fcnleri rahatl\u0131kla g\u00f6rebilirsiniz.<\/li>\n<li>Kolay \u015fekilde y\u0131rt\u0131lmayan kilitli torbalar, uzun s\u00fcreler kullan\u0131labilir.<\/li>\n<\/ul>\n<p>Sebze, meyve ve kuru g\u0131da gibi \u00fcr\u00fcnlerinizi muhafaza etmek i\u00e7in kilitli torbalar\u0131 tercih edebilirsiniz. Olduk\u00e7a az yer kaplayan kilitli torbalar evinizde, ofisinizde ve daha bir\u00e7ok alanda hayat\u0131n\u0131z\u0131 kolayla\u015ft\u0131r\u0131r. Yumu\u015fak yap\u0131s\u0131 ile kolay kullan\u0131m sa\u011flayan kilitli torbalar, g\u00fcn i\u00e7erisinde her an yan\u0131n\u0131zdad\u0131r.<\/p>\n<\/div>\n<div class=\"col-12 col-md-4 mb-1 border border-bottom-0\">\n<div class=\"row border-bottom fw-semibold\"><\/div>\n<div class=\"row border-bottom fw-semibold\">\n<div class=\"col-6 py-1\"><\/div>\n<\/div>\n<\/div>\n","protected":false},"excerpt":{"rendered":"<p>Yumu\u015fak yap\u0131s\u0131 ile kolay kullan\u0131m sa\u011flayan kilitli torbalar, g\u00fcn i\u00e7erisinde her an yan\u0131n\u0131zdad\u0131r. \u015eeffaf rengi sayesinde, i\u00e7erisine koydu\u011funuz t\u00fcm \u00fcr\u00fcnleri rahatl\u0131kla g\u00f6rebilirsiniz. Kolay \u015fekilde y\u0131rt\u0131lmayan kilitli torbalar, uzun s\u00fcreler kullan\u0131labilir. Sebze, meyve ve kuru g\u0131da gibi \u00fcr\u00fcnlerinizi muhafaza etmek i\u00e7in kilitli torbalar\u0131 tercih edebilirsiniz. Olduk\u00e7a az yer kaplayan kilitli torbalar evinizde, ofisinizde ve daha bir\u00e7ok [&hellip;]<\/p>\n","protected":false},"featured_media":3595,"comment_status":"open","ping_status":"closed","template":"","meta":{"ocean_post_layout":"","ocean_both_sidebars_style":"","ocean_both_sidebars_content_width":0,"ocean_both_sidebars_sidebars_width":0,"ocean_sidebar":"0","ocean_second_sidebar":"0","ocean_disable_margins":"enable","ocean_add_body_class":"","ocean_shortcode_before_top_bar":"","ocean_shortcode_after_top_bar":"","ocean_shortcode_before_header":"","ocean_shortcode_after_header":"","ocean_has_shortcode":"","ocean_shortcode_after_title":"","ocean_shortcode_before_footer_widgets":"","ocean_shortcode_after_footer_widgets":"","ocean_shortcode_before_footer_bottom":"","ocean_shortcode_after_footer_bottom":"","ocean_display_top_bar":"default","ocean_display_header":"default","ocean_header_style":"","ocean_center_header_left_menu":"0","ocean_custom_header_template":"0","ocean_custom_logo":0,"ocean_custom_retina_logo":0,"ocean_custom_logo_max_width":0,"ocean_custom_logo_tablet_max_width":0,"ocean_custom_logo_mobile_max_width":0,"ocean_custom_logo_max_height":0,"ocean_custom_logo_tablet_max_height":0,"ocean_custom_logo_mobile_max_height":0,"ocean_header_custom_menu":"0","ocean_menu_typo_font_family":"0","ocean_menu_typo_font_subset":"","ocean_menu_typo_font_size":0,"ocean_menu_typo_font_size_tablet":0,"ocean_menu_typo_font_size_mobile":0,"ocean_menu_typo_font_size_unit":"px","ocean_menu_typo_font_weight":"","ocean_menu_typo_font_weight_tablet":"","ocean_menu_typo_font_weight_mobile":"","ocean_menu_typo_transform":"","ocean_menu_typo_transform_tablet":"","ocean_menu_typo_transform_mobile":"","ocean_menu_typo_line_height":0,"ocean_menu_typo_line_height_tablet":0,"ocean_menu_typo_line_height_mobile":0,"ocean_menu_typo_line_height_unit":"","ocean_menu_typo_spacing":0,"ocean_menu_typo_spacing_tablet":0,"ocean_menu_typo_spacing_mobile":0,"ocean_menu_typo_spacing_unit":"","ocean_menu_link_color":"","ocean_menu_link_color_hover":"","ocean_menu_link_color_active":"","ocean_menu_link_background":"","ocean_menu_link_hover_background":"","ocean_menu_link_active_background":"","ocean_menu_social_links_bg":"","ocean_menu_social_hover_links_bg":"","ocean_menu_social_links_color":"","ocean_menu_social_hover_links_color":"","ocean_disable_title":"default","ocean_disable_heading":"default","ocean_post_title":"","ocean_post_subheading":"","ocean_post_title_style":"","ocean_post_title_background_color":"","ocean_post_title_background":0,"ocean_post_title_bg_image_position":"","ocean_post_title_bg_image_attachment":"","ocean_post_title_bg_image_repeat":"","ocean_post_title_bg_image_size":"","ocean_post_title_height":0,"ocean_post_title_bg_overlay":0.5,"ocean_post_title_bg_overlay_color":"","ocean_disable_breadcrumbs":"default","ocean_breadcrumbs_color":"","ocean_breadcrumbs_separator_color":"","ocean_breadcrumbs_links_color":"","ocean_breadcrumbs_links_hover_color":"","ocean_display_footer_widgets":"default","ocean_display_footer_bottom":"default","ocean_custom_footer_template":"0"},"product_brand":[],"product_cat":[92,83],"product_tag":[],"class_list":{"0":"post-3598","1":"product","2":"type-product","3":"status-publish","4":"has-post-thumbnail","6":"product_cat-kilitli-torbalar","7":"product_cat-torbalar-ve-posetler","9":"entry","10":"has-media","12":"first","13":"instock","14":"taxable","15":"shipping-taxable","16":"purchasable","17":"product-type-simple","18":"col","19":"span_1_of_3","20":"owp-content-center","21":"owp-thumbs-layout-horizontal","22":"owp-btn-normal","23":"owp-tabs-layout-horizontal","24":"has-no-thumbnails"},"_links":{"self":[{"href":"https:\/\/aatmarket.com\/aat\/wp-json\/wp\/v2\/product\/3598","targetHints":{"allow":["GET"]}}],"collection":[{"href":"https:\/\/aatmarket.com\/aat\/wp-json\/wp\/v2\/product"}],"about":[{"href":"https:\/\/aatmarket.com\/aat\/wp-json\/wp\/v2\/types\/product"}],"replies":[{"embeddable":true,"href":"https:\/\/aatmarket.com\/aat\/wp-json\/wp\/v2\/comments?post=3598"}],"wp:featuredmedia":[{"embeddable":true,"href":"https:\/\/aatmarket.com\/aat\/wp-json\/wp\/v2\/media\/3595"}],"wp:attachment":[{"href":"https:\/\/aatmarket.com\/aat\/wp-json\/wp\/v2\/media?parent=3598"}],"wp:term":[{"taxonomy":"product_brand","embeddable":true,"href":"https:\/\/aatmarket.com\/aat\/wp-json\/wp\/v2\/product_brand?post=3598"},{"taxonomy":"product_cat","embeddable":true,"href":"https:\/\/aatmarket.com\/aat\/wp-json\/wp\/v2\/product_cat?post=3598"},{"taxonomy":"product_tag","embeddable":true,"href":"https:\/\/aatmarket.com\/aat\/wp-json\/wp\/v2\/product_tag?post=3598"}],"curies":[{"name":"wp","href":"https:\/\/api.w.org\/{rel}","templated":true}]}}